{"id":1857,"date":"2017-10-11T19:37:15","date_gmt":"2017-10-11T19:37:15","guid":{"rendered":"http:\/\/localhost\/grassy\/?page_id=1857"},"modified":"2020-09-10T16:08:47","modified_gmt":"2020-09-10T19:08:47","slug":"home-2","status":"publish","type":"page","link":"https:\/\/biodoctor.com.br\/","title":{"rendered":"Home"},"content":{"rendered":"<p>[vc_row full_width=&#8221;stretch_row_content_no_spaces&#8221; css=&#8221;.vc_custom_1509607147265{margin-top: 0px !important;margin-bottom: 0px !important;padding-top: 0px !important;padding-bottom: 0px !important;}&#8221;][vc_column css=&#8221;.vc_custom_1503251047476{margin-top: 0px !important;margin-bottom: 0px !important;}&#8221;][rev_slider_vc alias=&#8221;home1&#8243;][\/vc_column][\/vc_row][vc_row full_width=&#8221;stretch_row&#8221; el_id=&#8221;rs-service&#8221; el_class=&#8221;rs-services spacing-sticky&#8221; css=&#8221;.vc_custom_1515069282284{padding-top: 55px !important;padding-bottom: 65px !important;background-color: #f9f9f9 !important;}&#8221;][vc_column]\r\n        <div class=\"sec-title  vc_custom_1597426225954 \">         \r\n            <h4 style=\"color:\">Servi\u00e7os<\/h4>             \r\n            <h3 style=\"color:\">O QUE N\u00d3S FAZEMOS POR VOC\u00ca<\/h3>        \r\n        <\/div>[vc_row_inner][vc_column_inner width=&#8221;1\/4&#8243;]\r\n\t\t<div class=\"rs-services\">\r\n\t\t<div class=\"services-wrap  \"> \r\n         <div class=\"services-item\">\r\n            <div class=\"services-icon\">\r\n                <i class=\"fa fa-file-text-o\"><\/i>\r\n             <\/div>\r\n        \r\n\t\t\t<div class=\"services-desc\">\r\n\t\t\t\t<h2 class=\"services-title\"><a href=\"https:\/\/www.biodoctor.uniexames.srv.br\/logins\/login\" title=\"\">Resultado de Exames<\/a><\/h2>\r\n\t\t\t\t \r\n\t\t\t\t<\/div>\r\n\t\t\t<\/div>\t\r\n\t\t<\/div><\/div>\r\n\t[\/vc_column_inner][vc_column_inner width=&#8221;1\/4&#8243;]\r\n\t\t<div class=\"rs-services\">\r\n\t\t<div class=\"services-wrap  \"> \r\n         <div class=\"services-item\">\r\n            <div class=\"services-icon\">\r\n                <i class=\"fa fa-file-text\"><\/i>\r\n             <\/div>\r\n        \r\n\t\t\t<div class=\"services-desc\">\r\n\t\t\t\t<h2 class=\"services-title\"><a href=\"https:\/\/biodoctor.com.br\/?page_id=3648\" title=\"\">Guia de Exames<\/a><\/h2>\r\n\t\t\t\t \r\n\t\t\t\t<\/div>\r\n\t\t\t<\/div>\t\r\n\t\t<\/div><\/div>\r\n\t[\/vc_column_inner][vc_column_inner width=&#8221;1\/4&#8243;]\r\n\t\t<div class=\"rs-services\">\r\n\t\t<div class=\"services-wrap  \"> \r\n         <div class=\"services-item\">\r\n            <div class=\"services-icon\">\r\n                <i class=\"fa fa-id-badge\"><\/i>\r\n             <\/div>\r\n        \r\n\t\t\t<div class=\"services-desc\">\r\n\t\t\t\t<h2 class=\"services-title\"><a href=\"https:\/\/biodoctor.com.br\/?page_id=3645\" title=\"Conv\u00eanios Atendidos\">Conv\u00eanios Atendidos<\/a><\/h2>\r\n\t\t\t\t \r\n\t\t\t\t<\/div>\r\n\t\t\t<\/div>\t\r\n\t\t<\/div><\/div>\r\n\t[\/vc_column_inner][vc_column_inner width=&#8221;1\/4&#8243;]\r\n\t\t<div class=\"rs-services\">\r\n\t\t<div class=\"services-wrap  \"> \r\n         <div class=\"services-item\">\r\n            <div class=\"services-icon\">\r\n                <i class=\"fa fa-flask\"><\/i>\r\n             <\/div>\r\n        \r\n\t\t\t<div class=\"services-desc\">\r\n\t\t\t\t<h2 class=\"services-title\"><a href=\"https:\/\/biodoctor.com.br\/?page_id=3648\" title=\"Exames Oferecidos\">Exames Oferecidos<\/a><\/h2>\r\n\t\t\t\t \r\n\t\t\t\t<\/div>\r\n\t\t\t<\/div>\t\r\n\t\t<\/div><\/div>\r\n\t[\/vc_column_inner][\/vc_row_inner][\/vc_column][\/vc_row][vc_row full_width=&#8221;stretch_row&#8221; parallax=&#8221;content-moving&#8221; css=&#8221;.vc_custom_1515745516906{padding-top: 60px !important;padding-bottom: 100px !important;background-image: url(http:\/\/keenitsolution.com\/products\/wordpress\/grassy\/\/wp-content\/uploads\/2017\/08\/counter-up.jpg?id=440) !important;background-position: center;background-repeat: no-repeat !important;background-size: cover !important;}&#8221;][vc_column el_class=&#8221;rs-counter-title&#8221;][vc_column_text css=&#8221;.vc_custom_1597438918123{padding-right: 10% !important;padding-left: 10% !important;}&#8221;]<\/p>\n<h2 style=\"text-align: center;\">Tradi\u00e7\u00e3o &amp; Qualidade<\/h2>\n<p style=\"text-align: center;\">Alguns n\u00fameros de nossas conquistas de anos de servi\u00e7os<\/p>\n<p>[\/vc_column_text][\/vc_column][vc_column width=&#8221;1\/4&#8243;]\r\n\t<div class=\"counter-top-area\">\r\n    <div class=\"rs-counter-list\">     \r\n\t\t<i class=\"fa fa-bar-chart\"><\/i>\r\n        <h2 class=\"rs-counter\">10002<\/h2>         \r\n        <h3>Clientes<\/h3>\r\n     \r\n    <\/div><\/div>[\/vc_column][vc_column width=&#8221;1\/4&#8243;]\r\n\t<div class=\"counter-top-area\">\r\n    <div class=\"rs-counter-list\">     \r\n\t\t<i class=\"fa fa-paper-plane\"><\/i>\r\n        <h2 class=\"rs-counter\">60222<\/h2>         \r\n        <h3>Exames Realizados<\/h3>\r\n     \r\n    <\/div><\/div>[\/vc_column][vc_column width=&#8221;1\/4&#8243;]\r\n\t<div class=\"counter-top-area\">\r\n    <div class=\"rs-counter-list\">     \r\n\t\t<i class=\"fa fa-map-o\"><\/i>\r\n        <h2 class=\"rs-counter\">20<\/h2>         \r\n        <h3>Conv\u00eanios<\/h3>\r\n     \r\n    <\/div><\/div>[\/vc_column][vc_column width=&#8221;1\/4&#8243;]\r\n\t<div class=\"counter-top-area\">\r\n    <div class=\"rs-counter-list\">     \r\n\t\t<i class=\"fa fa-gg-circle\"><\/i>\r\n        <h2 class=\"rs-counter\">12<\/h2>         \r\n        <h3>Exames Oferecidos<\/h3>\r\n     \r\n    <\/div><\/div>[\/vc_column][\/vc_row][vc_row full_width=&#8221;stretch_row&#8221; parallax=&#8221;content-moving&#8221; el_class=&#8221;rs-newsletter&#8221; css=&#8221;.vc_custom_1597872488397{padding-top: 60px !important;padding-bottom: 65px !important;background-color: #000000 !important;}&#8221;][vc_column][vc_column_text css=&#8221;.vc_custom_1597872290258{padding-right: 10% !important;padding-left: 10% !important;}&#8221;]<\/p>\n<h3>INSCREVA-SE<\/h3>\n<p>Receba atualiza\u00e7\u00f5es, novidades e informa\u00e7\u00f5es<\/p>\n<p><script>(function() {\n\twindow.mc4wp = window.mc4wp || {\n\t\tlisteners: [],\n\t\tforms: {\n\t\t\ton: function(evt, cb) {\n\t\t\t\twindow.mc4wp.listeners.push(\n\t\t\t\t\t{\n\t\t\t\t\t\tevent   : evt,\n\t\t\t\t\t\tcallback: cb\n\t\t\t\t\t}\n\t\t\t\t);\n\t\t\t}\n\t\t}\n\t}\n})();\n<\/script><!-- Mailchimp for WordPress v4.8.1 - https:\/\/wordpress.org\/plugins\/mailchimp-for-wp\/ --><form id=\"mc4wp-form-1\" class=\"mc4wp-form mc4wp-form-455\" method=\"post\" data-id=\"455\" data-name=\"\" ><div class=\"mc4wp-form-fields\"><input type=\"email\" name=\"EMAIL\" placeholder=\"Seu endere\u00e7o de e-mail\" required \/>\r\n\r\n<input type=\"submit\" value=\"Enviar\" class=\"form-button\" \/>\r\n<\/div><label style=\"display: none !important;\">Leave this field empty if you're human: <input type=\"text\" name=\"_mc4wp_honeypot\" value=\"\" tabindex=\"-1\" autocomplete=\"off\" \/><\/label><input type=\"hidden\" name=\"_mc4wp_timestamp\" value=\"1778759048\" \/><input type=\"hidden\" name=\"_mc4wp_form_id\" value=\"455\" \/><input type=\"hidden\" name=\"_mc4wp_form_element_id\" value=\"mc4wp-form-1\" \/><div class=\"mc4wp-response\"><\/div><\/form><!-- \/ Mailchimp for WordPress Plugin -->[\/vc_column_text][\/vc_column][\/vc_row][vc_row full_width=&#8221;stretch_row&#8221; css=&#8221;.vc_custom_1597946583529{margin-top: 0px !important;margin-bottom: 0px !important;border-top-width: 0px !important;border-bottom-width: 0px !important;padding-top: 0px !important;padding-bottom: 0px !important;}&#8221;][vc_column][vc_gmaps link=&#8221;#E-8_JTNDaWZyYW1lJTIwc3JjJTNEJTIyaHR0cHMlM0ElMkYlMkZ3d3cuZ29vZ2xlLmNvbSUyRm1hcHMlMkZlbWJlZCUzRnBiJTNEJTIxMW0xOCUyMTFtMTIlMjExbTMlMjExZDQ2MzMuOTY1OTU0NTcwMjQyNSUyMTJkLTQ0Ljk2Njg2Mzg4NTA0MDQ2JTIxM2QtMjIuNTczNjEwNDg1MTgyMjQzJTIxMm0zJTIxMWYwJTIxMmYwJTIxM2YwJTIxM20yJTIxMWkxMDI0JTIxMmk3NjglMjE0ZjEzLjElMjEzbTMlMjExbTIlMjExczB4OWRmNWQ1NzBiYjBhMzclMjUzQTB4ZjJhMGQ4ZmE0NDA1ZjE5NCUyMTJzUi4lMjUyMENlbC4lMjUyMEpvYXF1aW0lMjUyMGRvJTI1MjBQcmFkbyUyNTJDJTI1MjAxMjklMjUyMC0lMjUyMENlbnRybyUyNTJDJTI1MjBDcnV6ZWlybyUyNTIwLSUyNTIwU1AlMjUyQyUyNTIwMTI3MDEtMzcwJTIxNWUxJTIxM20yJTIxMXNwdC1CUiUyMTJzYnIlMjE0djE1OTc4NzI1NzIxMzklMjE1bTIlMjExc3B0LUJSJTIxMnNiciUyMiUyMHdpZHRoJTNEJTIyNjAwJTIyJTIwaGVpZ2h0JTNEJTIyNDUwJTIyJTIwZnJhbWVib3JkZXIlM0QlMjIwJTIyJTIwc3R5bGUlM0QlMjJib3JkZXIlM0EwJTNCJTIyJTIwYWxsb3dmdWxsc2NyZWVuJTNEJTIyJTIyJTIwYXJpYS1oaWRkZW4lM0QlMjJmYWxzZSUyMiUyMHRhYmluZGV4JTNEJTIyMCUyMiUzRSUzQyUyRmlmcmFtZSUzRQ==&#8221; title=&#8221;Localiza\u00e7\u00e3o&#8221;][\/vc_column][\/vc_row]<\/p>\n","protected":false},"excerpt":{"rendered":"<p>[vc_row full_width=&#8221;stretch_row_content_no_spaces&#8221; css=&#8221;.vc_custom_1509607147265{margin-top: 0px !important;margin-bottom: 0px !important;padding-top: 0px !important;padding-bottom: 0px !important;}&#8221;][vc_column css=&#8221;.vc_custom_1503251047476{margin-top: 0px !important;margin-bottom: 0px !important;}&#8221;][rev_slider_vc alias=&#8221;home1&#8243;][\/vc_column][\/vc_row][vc_row full_width=&#8221;stretch_row&#8221; el_id=&#8221;rs-service&#8221; el_class=&#8221;rs-services&#8230;<\/p>\n","protected":false},"author":1,"featured_media":0,"parent":0,"menu_order":0,"comment_status":"closed","ping_status":"closed","template":"","meta":[],"_links":{"self":[{"href":"https:\/\/biodoctor.com.br\/index.php?rest_route=\/wp\/v2\/pages\/1857"}],"collection":[{"href":"https:\/\/biodoctor.com.br\/index.php?rest_route=\/wp\/v2\/pages"}],"about":[{"href":"https:\/\/biodoctor.com.br\/index.php?rest_route=\/wp\/v2\/types\/page"}],"author":[{"embeddable":true,"href":"https:\/\/biodoctor.com.br\/index.php?rest_route=\/wp\/v2\/users\/1"}],"replies":[{"embeddable":true,"href":"https:\/\/biodoctor.com.br\/index.php?rest_route=%2Fwp%2Fv2%2Fcomments&post=1857"}],"version-history":[{"count":23,"href":"https:\/\/biodoctor.com.br\/index.php?rest_route=\/wp\/v2\/pages\/1857\/revisions"}],"predecessor-version":[{"id":3766,"href":"https:\/\/biodoctor.com.br\/index.php?rest_route=\/wp\/v2\/pages\/1857\/revisions\/3766"}],"wp:attachment":[{"href":"https:\/\/biodoctor.com.br\/index.php?rest_route=%2Fwp%2Fv2%2Fmedia&parent=1857"}],"curies":[{"name":"wp","href":"https:\/\/api.w.org\/{rel}","templated":true}]}}