{"id":3645,"date":"2020-08-05T18:08:10","date_gmt":"2020-08-05T21:08:10","guid":{"rendered":"https:\/\/biodoctor.com.br\/2020\/?page_id=3645"},"modified":"2023-06-05T16:03:37","modified_gmt":"2023-06-05T19:03:37","slug":"convenios-atendidos","status":"publish","type":"page","link":"https:\/\/biodoctor.com.br\/?page_id=3645","title":{"rendered":"Conv\u00eanios Atendidos"},"content":{"rendered":"\n<ul><li>AMIL<\/li><li>ASSOCIA\u00c7\u00c3O DOS FUNCION\u00c1RIOS P\u00daBLICOS<\/li><li>ATIVIA<\/li><li>BRADESCO<\/li><li>BRADESCO SA\u00daDE<\/li><li>BYOMED<\/li><li>BEM SA\u00daDE<\/li><li>CAASP<\/li><li>CENTTRAL MED<\/li><li>CLIENTE MAIS<\/li><li>CEAM<\/li><li>CLUBE DE CAMPO QUILOMBO <\/li><li>GAMA SA\u00daDE<\/li><li>INB<\/li><li>MEDISERVICE<\/li><li>MEDSA\u00daDE<\/li><li>PAMP<\/li><li>POSTAL SA\u00daDE<\/li><li>PORTO SEGURO\/ SEGURO SA\u00daDE SA<\/li><li>REDE MAIS<\/li><li>SINDICATOS<\/li><li>S.P.A SA\u00daDE<\/li><li>SULAM\u00c9RICA<\/li><\/ul>\n","protected":false},"excerpt":{"rendered":"<p>AMIL ASSOCIA\u00c7\u00c3O DOS FUNCION\u00c1RIOS P\u00daBLICOS ATIVIA BRADESCO BRADESCO SA\u00daDE BYOMED BEM SA\u00daDE CAASP CENTTRAL MED CLIENTE MAIS CEAM CLUBE DE&#8230;<\/p>\n","protected":false},"author":1,"featured_media":0,"parent":0,"menu_order":0,"comment_status":"closed","ping_status":"closed","template":"","meta":[],"_links":{"self":[{"href":"https:\/\/biodoctor.com.br\/index.php?rest_route=\/wp\/v2\/pages\/3645"}],"collection":[{"href":"https:\/\/biodoctor.com.br\/index.php?rest_route=\/wp\/v2\/pages"}],"about":[{"href":"https:\/\/biodoctor.com.br\/index.php?rest_route=\/wp\/v2\/types\/page"}],"author":[{"embeddable":true,"href":"https:\/\/biodoctor.com.br\/index.php?rest_route=\/wp\/v2\/users\/1"}],"replies":[{"embeddable":true,"href":"https:\/\/biodoctor.com.br\/index.php?rest_route=%2Fwp%2Fv2%2Fcomments&post=3645"}],"version-history":[{"count":3,"href":"https:\/\/biodoctor.com.br\/index.php?rest_route=\/wp\/v2\/pages\/3645\/revisions"}],"predecessor-version":[{"id":3773,"href":"https:\/\/biodoctor.com.br\/index.php?rest_route=\/wp\/v2\/pages\/3645\/revisions\/3773"}],"wp:attachment":[{"href":"https:\/\/biodoctor.com.br\/index.php?rest_route=%2Fwp%2Fv2%2Fmedia&parent=3645"}],"curies":[{"name":"wp","href":"https:\/\/api.w.org\/{rel}","templated":true}]}}