{"id":3648,"date":"2020-08-05T18:08:52","date_gmt":"2020-08-05T21:08:52","guid":{"rendered":"https:\/\/biodoctor.com.br\/2020\/?page_id=3648"},"modified":"2020-09-10T16:06:00","modified_gmt":"2020-09-10T19:06:00","slug":"exames-oferecidos","status":"publish","type":"page","link":"https:\/\/biodoctor.com.br\/?page_id=3648","title":{"rendered":"Exames Oferecidos"},"content":{"rendered":"\n<ul><li>MICROBIOLOGIA<\/li><\/ul>\n\n\n\n<ul><li>UROAN\u00c1LISE<\/li><\/ul>\n\n\n\n<ul><li>BIOQU\u00cdMICA<\/li><\/ul>\n\n\n\n<ul><li>SA\u00daDE OCUPACIONAL<\/li><\/ul>\n\n\n\n<ul><li>IMUNOLOGIA<\/li><\/ul>\n\n\n\n<ul><li>DOSAGENS HORMONAIS<\/li><\/ul>\n\n\n\n<ul><li>CITOLOGIA ONC\u00d3TICA<\/li><\/ul>\n\n\n\n<ul><li>AN\u00c1L. L\u00cdQ. BIOL\u00d3GICOS<\/li><\/ul>\n\n\n\n<ul><li>PARASITOLOGIA<\/li><\/ul>\n\n\n\n<ul><li>HEMATOLOGIA<\/li><\/ul>\n\n\n\n<ul><li>PATERNIDADE (DNA)<\/li><\/ul>\n\n\n\n<ul><li>TOXICOLOGIA<\/li><\/ul>\n","protected":false},"excerpt":{"rendered":"<p>MICROBIOLOGIA UROAN\u00c1LISE BIOQU\u00cdMICA SA\u00daDE OCUPACIONAL IMUNOLOGIA DOSAGENS HORMONAIS CITOLOGIA ONC\u00d3TICA AN\u00c1L. L\u00cdQ. BIOL\u00d3GICOS PARASITOLOGIA HEMATOLOGIA PATERNIDADE (DNA) TOXICOLOGIA<\/p>\n","protected":false},"author":1,"featured_media":0,"parent":0,"menu_order":0,"comment_status":"closed","ping_status":"closed","template":"","meta":[],"_links":{"self":[{"href":"https:\/\/biodoctor.com.br\/index.php?rest_route=\/wp\/v2\/pages\/3648"}],"collection":[{"href":"https:\/\/biodoctor.com.br\/index.php?rest_route=\/wp\/v2\/pages"}],"about":[{"href":"https:\/\/biodoctor.com.br\/index.php?rest_route=\/wp\/v2\/types\/page"}],"author":[{"embeddable":true,"href":"https:\/\/biodoctor.com.br\/index.php?rest_route=\/wp\/v2\/users\/1"}],"replies":[{"embeddable":true,"href":"https:\/\/biodoctor.com.br\/index.php?rest_route=%2Fwp%2Fv2%2Fcomments&post=3648"}],"version-history":[{"count":2,"href":"https:\/\/biodoctor.com.br\/index.php?rest_route=\/wp\/v2\/pages\/3648\/revisions"}],"predecessor-version":[{"id":3717,"href":"https:\/\/biodoctor.com.br\/index.php?rest_route=\/wp\/v2\/pages\/3648\/revisions\/3717"}],"wp:attachment":[{"href":"https:\/\/biodoctor.com.br\/index.php?rest_route=%2Fwp%2Fv2%2Fmedia&parent=3648"}],"curies":[{"name":"wp","href":"https:\/\/api.w.org\/{rel}","templated":true}]}}